{"id":16,"date":"2024-04-10T13:31:50","date_gmt":"2024-04-10T13:31:50","guid":{"rendered":"https:\/\/laborali.com.br\/?page_id=16"},"modified":"2024-06-14T18:19:56","modified_gmt":"2024-06-14T18:19:56","slug":"blog","status":"publish","type":"page","link":"https:\/\/laborali.com.br\/index.php\/blog\/","title":{"rendered":"Blog"},"content":{"rendered":"\t\t<div data-elementor-type=\"wp-page\" data-elementor-id=\"16\" class=\"elementor elementor-16\" data-elementor-post-type=\"page\">\n\t\t\t\t<div class=\"elementor-element elementor-element-757f768 e-flex e-con-boxed e-con e-parent\" data-id=\"757f768\" data-element_type=\"container\">\n\t\t\t\t\t<div class=\"e-con-inner\">\n\t\t<div class=\"elementor-element elementor-element-930c397 e-con-full e-flex e-con e-child\" data-id=\"930c397\" data-element_type=\"container\">\n\t\t\t\t<div class=\"elementor-element elementor-element-d31f0a8 ui-e-post-ovf-yes ui-e-apg-classic ui-e-img-anim-zoom elementor-widget elementor-widget-uicore-advanced-post-grid\" data-id=\"d31f0a8\" data-element_type=\"widget\" data-settings=\"{&quot;masonry&quot;:&quot;no&quot;}\" data-widget_type=\"uicore-advanced-post-grid.default\">\n\t\t\t\t<div class=\"elementor-widget-container\">\n\t\t\t            <div class=\"ui-e-adv-grid\">\n                        <div class=\"ui-e-post-item ui-e-item ui-e-animations-wrp\">\n            <article class=\"post-685 post type-post status-publish format-standard has-post-thumbnail hentry category-dicas\">\n                <div class=\"ui-e-post-top\">\n                                <a class=\"ui-e-post-img-wrapp\" href=\"https:\/\/laborali.com.br\/index.php\/a-saude-dos-seres-humanos-depende-da-saude-do-nosso-planeta\/\" title=\"View Post:A sa\u00fade dos seres humanos depende da sa\u00fade do nosso Planeta\">\n                                    <div class=\"ui-e-post-img\" style=\"background-image:url(https:\/\/laborali.com.br\/wp-content\/uploads\/2024\/04\/artigo-rbverde-650x341.webp)\"><\/div>\n                            <\/a>\n                                            <\/div>\n                <div class=\"ui-e-post-content\">\n                    <div class=\"ui-e-post-meta ui-e-before_title\"><div class=\"ui-e-meta-item\">abril 19, 2026<\/div><\/div>                            <a href=\"https:\/\/laborali.com.br\/index.php\/a-saude-dos-seres-humanos-depende-da-saude-do-nosso-planeta\/\" title=\"View Post:A sa\u00fade dos seres humanos depende da sa\u00fade do nosso Planeta\">\n            <h4 class=\"ui-e-post-title\"><span>A sa\u00fade dos seres humanos depende da sa\u00fade do nosso Planeta<\/span><\/h4>\n        <\/a>\n                                                                                                    <a href=\"https:\/\/laborali.com.br\/index.php\/a-saude-dos-seres-humanos-depende-da-saude-do-nosso-planeta\/\" class=\"elementor-button-link elementor-button\" role=\"button\">\n                <span class=\"elementor-button-content-wrapper\"><span class=\"elementor-button-text\">Ver mais<\/span><\/span>            <\/a>\n                        <\/div>\n            <\/article>\n        <\/div>\n                <div class=\"ui-e-post-item ui-e-item ui-e-animations-wrp\">\n            <article class=\"post-682 post type-post status-publish format-standard has-post-thumbnail hentry category-saude\">\n                <div class=\"ui-e-post-top\">\n                                <a class=\"ui-e-post-img-wrapp\" href=\"https:\/\/laborali.com.br\/index.php\/dismorfismo-eritrocitario\/\" title=\"View Post:Dismorfismo eritrocit\u00e1rio\">\n                                    <div class=\"ui-e-post-img\" style=\"background-image:url(https:\/\/laborali.com.br\/wp-content\/uploads\/2024\/04\/artigo-dismorfismo-eritrocitario-650x341.webp)\"><\/div>\n                            <\/a>\n                                            <\/div>\n                <div class=\"ui-e-post-content\">\n                    <div class=\"ui-e-post-meta ui-e-before_title\"><div class=\"ui-e-meta-item\">abril 19, 2026<\/div><\/div>                            <a href=\"https:\/\/laborali.com.br\/index.php\/dismorfismo-eritrocitario\/\" title=\"View Post:Dismorfismo eritrocit\u00e1rio\">\n            <h4 class=\"ui-e-post-title\"><span>Dismorfismo eritrocit\u00e1rio<\/span><\/h4>\n        <\/a>\n                                                                                                    <a href=\"https:\/\/laborali.com.br\/index.php\/dismorfismo-eritrocitario\/\" class=\"elementor-button-link elementor-button elementor-button-link elementor-button\" role=\"button button\">\n                <span class=\"elementor-button-content-wrapper elementor-button-content-wrapper\"><span class=\"elementor-button-text elementor-button-text\">Ver mais<\/span><\/span>            <\/a>\n                        <\/div>\n            <\/article>\n        <\/div>\n                <div class=\"ui-e-post-item ui-e-item ui-e-animations-wrp\">\n            <article class=\"post-679 post type-post status-publish format-standard has-post-thumbnail hentry category-dicas\">\n                <div class=\"ui-e-post-top\">\n                                <a class=\"ui-e-post-img-wrapp\" href=\"https:\/\/laborali.com.br\/index.php\/comunicacao-nao-violenta-como-ela-pode-ajudar-na-hora-da-coleta-de-sangue-infantil-e-transformar-o-medo-em-uma-oportunidade-de-dialogo-e-confianca\/\" title=\"View Post:Comunica\u00e7\u00e3o n\u00e3o violenta: como ela pode ajudar na hora da coleta de sangue infantil?\">\n                                    <div class=\"ui-e-post-img\" style=\"background-image:url(https:\/\/laborali.com.br\/wp-content\/uploads\/2024\/04\/Artigo-Comunicacao-nao-violenta-650x341.webp)\"><\/div>\n                            <\/a>\n                                            <\/div>\n                <div class=\"ui-e-post-content\">\n                    <div class=\"ui-e-post-meta ui-e-before_title\"><div class=\"ui-e-meta-item\">abril 19, 2026<\/div><\/div>                            <a href=\"https:\/\/laborali.com.br\/index.php\/comunicacao-nao-violenta-como-ela-pode-ajudar-na-hora-da-coleta-de-sangue-infantil-e-transformar-o-medo-em-uma-oportunidade-de-dialogo-e-confianca\/\" title=\"View Post:Comunica\u00e7\u00e3o n\u00e3o violenta: como ela pode ajudar na hora da coleta de sangue infantil?\">\n            <h4 class=\"ui-e-post-title\"><span>Comunica\u00e7\u00e3o n\u00e3o violenta: como ela pode ajudar na hora da coleta de sangue infantil?<\/span><\/h4>\n        <\/a>\n                                                                                                    <a href=\"https:\/\/laborali.com.br\/index.php\/comunicacao-nao-violenta-como-ela-pode-ajudar-na-hora-da-coleta-de-sangue-infantil-e-transformar-o-medo-em-uma-oportunidade-de-dialogo-e-confianca\/\" class=\"elementor-button-link elementor-button elementor-button-link elementor-button elementor-button-link elementor-button\" role=\"button button button\">\n                <span class=\"elementor-button-content-wrapper elementor-button-content-wrapper elementor-button-content-wrapper\"><span class=\"elementor-button-text elementor-button-text elementor-button-text\">Ver mais<\/span><\/span>            <\/a>\n                        <\/div>\n            <\/article>\n        <\/div>\n                    <\/div>\n        \t\t<\/div>\n\t\t\t\t<\/div>\n\t\t\t\t<\/div>\n\t\t\t\t\t<\/div>\n\t\t\t\t<\/div>\n\t\t\t\t<\/div>\n\t\t","protected":false},"excerpt":{"rendered":"<p>junho 14, 2024 A sa\u00fade dos seres humanos depende da sa\u00fade do nosso Planeta Ver mais junho 14, 2024 Dismorfismo eritrocit\u00e1rio Ver [&hellip;]<\/p>\n","protected":false},"author":1,"featured_media":0,"parent":0,"menu_order":0,"comment_status":"closed","ping_status":"closed","template":"","meta":{"footnotes":""},"class_list":["post-16","page","type-page","status-publish","hentry"],"_links":{"self":[{"href":"https:\/\/laborali.com.br\/index.php\/wp-json\/wp\/v2\/pages\/16","targetHints":{"allow":["GET"]}}],"collection":[{"href":"https:\/\/laborali.com.br\/index.php\/wp-json\/wp\/v2\/pages"}],"about":[{"href":"https:\/\/laborali.com.br\/index.php\/wp-json\/wp\/v2\/types\/page"}],"author":[{"embeddable":true,"href":"https:\/\/laborali.com.br\/index.php\/wp-json\/wp\/v2\/users\/1"}],"replies":[{"embeddable":true,"href":"https:\/\/laborali.com.br\/index.php\/wp-json\/wp\/v2\/comments?post=16"}],"version-history":[{"count":13,"href":"https:\/\/laborali.com.br\/index.php\/wp-json\/wp\/v2\/pages\/16\/revisions"}],"predecessor-version":[{"id":795,"href":"https:\/\/laborali.com.br\/index.php\/wp-json\/wp\/v2\/pages\/16\/revisions\/795"}],"wp:attachment":[{"href":"https:\/\/laborali.com.br\/index.php\/wp-json\/wp\/v2\/media?parent=16"}],"curies":[{"name":"wp","href":"https:\/\/api.w.org\/{rel}","templated":true}]}}